{"id":418,"date":"2019-02-14T21:52:42","date_gmt":"2019-02-14T21:52:42","guid":{"rendered":"http:\/\/www.keyperformance.se\/?page_id=418"},"modified":"2026-01-22T11:00:17","modified_gmt":"2026-01-22T11:00:17","slug":"marlene-monteiro-freitas","status":"publish","type":"page","link":"https:\/\/www.keyperformance.se\/?page_id=418","title":{"rendered":"Marlene Monteiro Freitas"},"content":{"rendered":"<p>Born in Cape Verde, Marlene Monteiro Freitas is a dancer and choreographer. She studied dance in Brussels and Lisbon, followed by collaborations with Emmanuelle Huynh, Lo\u00efc Touz\u00e9, T\u00e2nia Carvalho, Boris Charmatz, among others. After establishing her first company Compass in Cape Verde, she now works with P.OR.K \u2013 co-founded by her \u2013 in Lisbon and collaborates with O Espa\u00e7o do Tempo (Montemor-o-Novo).<\/p>\n<p>Her oeuvre is characterised by unity of openness, heterogeneousness and intensity and includes such productions as <em>Primeira Impress\u00e3o<\/em> (2005), <em>A Improbabilidade da Certeza and Larvar<\/em> (2006), <em>Uns e Outros<\/em> (2008), <em>A Seriedade do Animal<\/em> (2009), a solo <em>Guintche<\/em> (2010), <em>(M)imosa<\/em> (2011, in collaboration with Trajal Harell, Fran\u00e7ois Chaignaud and Cecilia Bengolea), <em>Para\u00edso, colec\u00e7\u00e3o privada <\/em>(2012), and <em>de marfim e carne \u2013 as est\u00e1tuas tamb\u00e9m sofrem<\/em> (2014), <em>Jaguar <\/em>(with the collaboration of Andreas Merk), <em>Bacantes \u2013 Prel\u00fadio para uma Purga<\/em> (2017).<\/p>\n<p>In 2017, she was distinguished by the government of Cape Verde for her cultural achievement, also in the same year, Sociedade Portuguesa de Autores awards <em>Jaguar<\/em> the distinction of Best Choreography of the Year. In 2018, she created <em>Canine Jaun\u00e2tre 3<\/em> for Batsheva Dance Company and was awarded the Silver Lion award for dance at the Venice Biennale. Since 2020 Marlene is also a co-curator of the project (un)common ground, a project that investigates the artistic and territorial inscription of the Israeli-Palestinian conflict. In 2020 she also receives the award for Best International Performance by Critica d\u2019Arts Esc\u00e9niques of Barcelona, for her work <em>Bacantes<\/em>.<\/p>\n<p>In August 2020, <em>MAL \u2013 Embriaguez Divina<\/em> premiered in Kampnagel, Hamburg and in July 2021, her newest creation <em>Pierrot Lunaire<\/em> with Ingo Metzmacher was presented at the WienerFestwochen. Most recently Marlene was awarded the Chanel Next Prize (2021), which had David Adjaye, Tilda Swinton and Cao Fei as part of the jury. In 2021 she was also awarded the Evens Arts Prize.<\/p>\n","protected":false},"excerpt":{"rendered":"<p>Born in Cape Verde, Marlene Monteiro Freitas is a dancer and choreographer. She studied dance in Brussels and Lisbon, followed by collaborations with Emmanuelle Huynh, Lo\u00efc Touz\u00e9, T\u00e2nia Carvalho, Boris Charmatz, among others. After establishing her first company Compass in Cape Verde, she now works with P.OR.K \u2013 co-founded by her \u2013 in Lisbon and &hellip; <a href=\"https:\/\/www.keyperformance.se\/?page_id=418\" class=\"more-link\">Continue reading<span class=\"screen-reader-text\"> &#8220;Marlene Monteiro Freitas&#8221;<\/span><\/a><\/p>\n","protected":false},"author":1,"featured_media":0,"parent":44,"menu_order":0,"comment_status":"closed","ping_status":"closed","template":"mmf_start.php","meta":[],"_links":{"self":[{"href":"https:\/\/www.keyperformance.se\/index.php?rest_route=\/wp\/v2\/pages\/418"}],"collection":[{"href":"https:\/\/www.keyperformance.se\/index.php?rest_route=\/wp\/v2\/pages"}],"about":[{"href":"https:\/\/www.keyperformance.se\/index.php?rest_route=\/wp\/v2\/types\/page"}],"author":[{"embeddable":true,"href":"https:\/\/www.keyperformance.se\/index.php?rest_route=\/wp\/v2\/users\/1"}],"replies":[{"embeddable":true,"href":"https:\/\/www.keyperformance.se\/index.php?rest_route=%2Fwp%2Fv2%2Fcomments&post=418"}],"version-history":[{"count":4,"href":"https:\/\/www.keyperformance.se\/index.php?rest_route=\/wp\/v2\/pages\/418\/revisions"}],"predecessor-version":[{"id":1762,"href":"https:\/\/www.keyperformance.se\/index.php?rest_route=\/wp\/v2\/pages\/418\/revisions\/1762"}],"up":[{"embeddable":true,"href":"https:\/\/www.keyperformance.se\/index.php?rest_route=\/wp\/v2\/pages\/44"}],"wp:attachment":[{"href":"https:\/\/www.keyperformance.se\/index.php?rest_route=%2Fwp%2Fv2%2Fmedia&parent=418"}],"curies":[{"name":"wp","href":"https:\/\/api.w.org\/{rel}","templated":true}]}}